{"id":1414,"date":"2024-05-17T05:38:50","date_gmt":"2024-05-17T05:38:50","guid":{"rendered":"https:\/\/markus-torby.pl\/?page_id=1414"},"modified":"2024-05-17T05:47:43","modified_gmt":"2024-05-17T05:47:43","slug":"polityka-prywatnosci","status":"publish","type":"page","link":"https:\/\/markus-torby.pl\/de\/polityka-prywatnosci\/","title":{"rendered":"Datenschutzerkl\u00e4rung"},"content":{"rendered":"<div class=\"fusion-fullwidth fullwidth-box fusion-builder-row-1 nonhundred-percent-fullwidth non-hundred-percent-height-scrolling\" style=\"--awb-border-radius-top-left:0px;--awb-border-radius-top-right:0px;--awb-border-radius-bottom-right:0px;--awb-border-radius-bottom-left:0px;--awb-flex-wrap:wrap;\" ><div class=\"fusion-builder-row fusion-row\"><div class=\"fusion-layout-column fusion_builder_column fusion-builder-column-0 fusion_builder_column_1_1 1_1 fusion-one-full fusion-column-first fusion-column-last\" style=\"--awb-bg-size:cover;\"><div class=\"fusion-column-wrapper fusion-flex-column-wrapper-legacy\"><div class=\"fusion-text fusion-text-1\"><h2 class=\"wp-block-heading\"><\/h2>\n<p><strong>DATENSCHUTZERKL\u00c4RUNG DES DIENSTES markus-torby.pl<\/strong> <strong>I. Allgemeine Informationen.<\/strong><\/p>\n<ol>\n<li>Betreiber des Dienstes ist MARKUS MULTIBRANCH UNTERNEHMEN, Sobik\u00f3w 14a | 05-530 | G\u00f3ra Kalwaria.<\/li>\n<li>Der Dienst sammelt Informationen \u00fcber Benutzer und deren Verhalten auf folgende Weise: a. Durch freiwillig in Formularen eingegebene Informationen. b. Durch Speichern von Cookies auf Endger\u00e4ten (sogenannte \u201eCookies\u201c). c. Durch Sammeln von Server-Logs durch den Hosting-Betreiber uti, der unter der Adresse uti.pl operiert.<\/li>\n<\/ol>\n<p><strong>II. Informationen in Formularen.<\/strong><\/p>\n<ol>\n<li>Der Dienst sammelt Informationen, die vom Benutzer freiwillig angegeben werden.<\/li>\n<li>Der Dienst kann au\u00dferdem Informationen zu Verbindungsparametern speichern (Zeitstempel, IP-Adresse).<\/li>\n<li>Daten im Formular werden Dritten nicht anders zug\u00e4nglich gemacht, als mit Zustimmung des Benutzers.<\/li>\n<li>Die im Formular angegebenen Daten k\u00f6nnen einen potenziellen Kundenstamm darstellen, der vom Dienstbetreiber in einem vom Generalinspektor f\u00fcr den Schutz personenbezogener Daten gef\u00fchrten Register registriert wird.<\/li>\n<li>Die im Formular angegebenen Daten werden f\u00fcr den Zweck verarbeitet, der sich aus der Funktion des Formulars ergibt, z.B. f\u00fcr gesch\u00e4ftlichen Kontakt.<\/li>\n<\/ol>\n<p><strong>III. Informationen zu Cookies.<\/strong><\/p>\n<ol>\n<li>Der Dienst verwendet Cookies.<\/li>\n<li>Cookies (sogenannte \u201eCookies\u201c) sind IT-Daten, insbesondere Textdateien, die auf dem Endger\u00e4t des Benutzers des Dienstes gespeichert werden und zur Nutzung der Webseiten des Dienstes bestimmt sind. Cookies enthalten in der Regel den Namen der Website, von der sie stammen, die Dauer der Speicherung auf dem Endger\u00e4t und eine eindeutige Nummer.<\/li>\n<li>Der Betreiber des Dienstes ist die Stelle, die Cookies auf dem Endger\u00e4t des Benutzers des Dienstes platziert und darauf zugreift.<\/li>\n<li>Cookies werden zu folgenden Zwecken verwendet:<\/li>\n<\/ol>\n<table>\n<thead>\n<tr>\n<th><strong>Cookie-Schl\u00fcssel<\/strong><\/th>\n<th><strong>Domain<\/strong><\/th>\n<th><strong>Pfad<\/strong><\/th>\n<th><strong>Cookie-Typ<\/strong><\/th>\n<th><strong>G\u00fcltigkeit<\/strong><\/th>\n<th><strong>Beschreibung<\/strong><\/th>\n<\/tr>\n<\/thead>\n<tbody>\n<tr>\n<td>_GRECAPTCHA<\/td>\n<td><a href=\"http:\/\/www.google.com\/\" target=\"_new\" rel=\"noopener\">www.google.com<\/a><\/td>\n<td>\/recaptcha<\/td>\n<td>Drittanbieter<\/td>\n<td>6 Monate<\/td>\n<td>Google reCAPTCHA setzt ein notwendiges Cookie (_GRECAPTCHA) w\u00e4hrend der Risikoanalyse.<\/td>\n<\/tr>\n<tr>\n<td>_ga<\/td>\n<td>.markus-torby.pl<\/td>\n<td>\/<\/td>\n<td>Erstanbieter<\/td>\n<td>1 Jahr 1 Monat<\/td>\n<td>Dieser Cookie-Name ist mit Google Universal Analytics verbunden &#8211; einem wichtigen Update des weit verbreiteten Analysedienstes von Google. Dieses Cookie wird verwendet, um einzigartige Benutzer zu unterscheiden, indem eine zuf\u00e4llig generierte Nummer als Kundenidentifikator zugewiesen wird. Es wird in jede Seitenanforderung auf einer Website einbezogen und zur Berechnung von Besucherdaten, Sitzungs- und Kampagnendaten f\u00fcr die Analyseberichte der Website verwendet.<\/td>\n<\/tr>\n<tr>\n<td>_ga_3ZJDT4PS3T<\/td>\n<td>.markus-torby.pl<\/td>\n<td>\/<\/td>\n<td>Erstanbieter<\/td>\n<td>1 Jahr 1 Monat<\/td>\n<td>Dieses Cookie wird von Google Analytics verwendet, um den Sitzungsstatus zu erhalten.<\/td>\n<\/tr>\n<tr>\n<td>_gcl_au<\/td>\n<td>.markus-torby.pl<\/td>\n<td>\/<\/td>\n<td>Erstanbieter<\/td>\n<td>3 Monate<\/td>\n<td>Wird von Google AdSense verwendet, um die Wirksamkeit von Anzeigen auf Websites zu testen, die deren Dienste nutzen.<\/td>\n<\/tr>\n<tr>\n<td>test_cookie<\/td>\n<td>.doubleclick.net<\/td>\n<td>\/<\/td>\n<td>Drittanbieter<\/td>\n<td>15 Minuten<\/td>\n<td>Dieses Cookie wird von DoubleClick (im Besitz von Google) gesetzt, um zu \u00fcberpr\u00fcfen, ob der Browser des Benutzers Cookies unterst\u00fctzt.<\/td>\n<\/tr>\n<tr>\n<td>_icl_visitor_lang_js<\/td>\n<td>.markus-torby.pl<\/td>\n<td>\/<\/td>\n<td>Erstanbieter<\/td>\n<td>1 Tag<\/td>\n<td>Dieses Cookie wird verwendet, um die Sprachpr\u00e4ferenzen des Benutzers zu speichern, um bei einem erneuten Besuch der Website Inhalte in der gespeicherten Sprache bereitzustellen.<\/td>\n<\/tr>\n<tr>\n<td>wpml_browser_redirect_test<\/td>\n<td>.markus-torby.pl<\/td>\n<td>\/<\/td>\n<td>Erstanbieter<\/td>\n<td>Sitzung<\/td>\n<td>Dieses Cookie wird verwendet, um zu \u00fcberpr\u00fcfen, ob Cookies im Browser aktiviert sind, um eine angemessene Benutzererfahrung zu gew\u00e4hrleisten.<\/td>\n<\/tr>\n<\/tbody>\n<\/table>\n<ol>\n<li>Im Rahmen des Dienstes werden zwei grundlegende Arten von Cookies verwendet: \u201eSession-Cookies\u201c und \u201ePersistente Cookies\u201c. \u201eSession-Cookies\u201c sind tempor\u00e4re Dateien, die auf dem Endger\u00e4t des Benutzers gespeichert werden, bis er sich abmeldet, die Website verl\u00e4sst oder die Software (Webbrowser) ausschaltet. \u201ePersistente Cookies\u201c werden auf dem Endger\u00e4t des Benutzers f\u00fcr die in den Cookie-Parametern angegebene Zeit oder bis zu ihrer L\u00f6schung durch den Benutzer gespeichert.<\/li>\n<li>Die Software zum Durchsuchen von Websites (Webbrowser) l\u00e4sst in der Regel standardm\u00e4\u00dfig das Speichern von Cookies auf dem Endger\u00e4t des Benutzers zu. Benutzer des Dienstes k\u00f6nnen die Einstellungen in dieser Hinsicht \u00e4ndern. Der Webbrowser erm\u00f6glicht das L\u00f6schen von Cookies. Es ist auch m\u00f6glich, Cookies automatisch zu blockieren. Detaillierte Informationen hierzu finden sich in der Hilfe oder Dokumentation des Webbrowsers.<\/li>\n<li>Einschr\u00e4nkungen bei der Verwendung von Cookies k\u00f6nnen sich auf einige der auf den Webseiten des Dienstes verf\u00fcgbaren Funktionen auswirken.<\/li>\n<li>Cookies, die auf dem Endger\u00e4t des Benutzers des Dienstes platziert werden, k\u00f6nnen auch von Werbetreibenden und Partnern verwendet werden, die mit dem Betreiber des Dienstes zusammenarbeiten.<\/li>\n<li>Wir empfehlen, die Datenschutzrichtlinien dieser Unternehmen zu lesen, um die Regeln f\u00fcr die Verwendung von Cookies zu verstehen, die in Statistiken verwendet werden: Datenschutzrichtlinie von Google Analytics.<\/li>\n<li>Cookies k\u00f6nnen von Werbenetzwerken, insbesondere dem Google-Netzwerk, verwendet werden, um Anzeigen anzuzeigen, die an die Art und Weise angepasst sind, wie der Benutzer den Dienst nutzt. Zu diesem Zweck k\u00f6nnen sie Informationen \u00fcber den Navigationspfad des Benutzers oder die Verweildauer auf einer bestimmten Seite speichern.<\/li>\n<li>Im Hinblick auf Informationen \u00fcber Benutzerpr\u00e4ferenzen, die vom Google-Werbenetzwerk gesammelt werden, kann der Benutzer die Informationen, die sich aus Cookies ergeben, mit dem Tool anzeigen und bearbeiten: <a href=\"https:\/\/www.google.com\/ads\/preferences\/\" target=\"_new\" rel=\"noopener\">https:\/\/www.google.com\/ads\/preferences\/<\/a><\/li>\n<\/ol>\n<p><strong>IV. Server-Logs.<\/strong><\/p>\n<ol>\n<li>Informationen \u00fcber einige Benutzerverhalten unterliegen der Protokollierung auf Serverebene. Diese Daten werden ausschlie\u00dflich zur Verwaltung des Dienstes und zur Gew\u00e4hrleistung der effizientesten Abwicklung der bereitgestellten Hosting-Dienste verwendet.<\/li>\n<li>Die durchsuchten Ressourcen werden durch URL-Adressen identifiziert. Dar\u00fcber hinaus k\u00f6nnen folgende Daten aufgezeichnet werden: a. Zeit der Anfrage, b. Zeit der Antwort, c. Name der Station des Kunden \u2013 Identifizierung erfolgt durch das HTTPS-Protokoll, d. Informationen \u00fcber Fehler, die bei der Ausf\u00fchrung der HTTPS-Transaktion aufgetreten sind, e. URL-Adresse der zuvor vom Benutzer besuchten Seite (Referer-Link) \u2013 falls der \u00dcbergang zum Dienst \u00fcber einen Link erfolgte, f. Informationen \u00fcber den Browser des Benutzers, g. Informationen \u00fcber die IP-Adresse.<\/li>\n<li>Die oben genannten Daten werden nicht mit bestimmten Personen in Verbindung gebracht, die die Seiten durchsuchen.<\/li>\n<li>Die oben genannten Daten werden nur zu Verwaltungszwecken des Servers verwendet.<\/li>\n<\/ol>\n<p><strong>V. Datenweitergabe.<\/strong><\/p>\n<ol>\n<li>Daten werden externen Stellen nur im gesetzlich zul\u00e4ssigen Umfang zug\u00e4nglich gemacht.<\/li>\n<li>Daten, die die Identifizierung einer nat\u00fcrlichen Person erm\u00f6glichen, werden nur mit deren Zustimmung weitergegeben.<\/li>\n<li>Der Betreiber kann verpflichtet sein, vom Dienst gesammelte Informationen auf der Grundlage rechtm\u00e4\u00dfiger Anfragen an befugte Beh\u00f6rden im Rahmen der Anfrage bereitzustellen.<\/li>\n<\/ol>\n<h2 class=\"wp-block-heading\"><\/h2>\n<\/div><div class=\"fusion-clearfix\"><\/div><\/div><\/div><\/div><\/div>","protected":false},"excerpt":{"rendered":"","protected":false},"author":3,"featured_media":0,"parent":0,"menu_order":0,"comment_status":"closed","ping_status":"open","template":"","meta":{"_seopress_robots_primary_cat":"","_seopress_titles_title":"","_seopress_titles_desc":"","_seopress_robots_index":"","footnotes":""},"_links":{"self":[{"href":"https:\/\/markus-torby.pl\/de\/wp-json\/wp\/v2\/pages\/1414"}],"collection":[{"href":"https:\/\/markus-torby.pl\/de\/wp-json\/wp\/v2\/pages"}],"about":[{"href":"https:\/\/markus-torby.pl\/de\/wp-json\/wp\/v2\/types\/page"}],"author":[{"embeddable":true,"href":"https:\/\/markus-torby.pl\/de\/wp-json\/wp\/v2\/users\/3"}],"replies":[{"embeddable":true,"href":"https:\/\/markus-torby.pl\/de\/wp-json\/wp\/v2\/comments?post=1414"}],"version-history":[{"count":2,"href":"https:\/\/markus-torby.pl\/de\/wp-json\/wp\/v2\/pages\/1414\/revisions"}],"predecessor-version":[{"id":1416,"href":"https:\/\/markus-torby.pl\/de\/wp-json\/wp\/v2\/pages\/1414\/revisions\/1416"}],"wp:attachment":[{"href":"https:\/\/markus-torby.pl\/de\/wp-json\/wp\/v2\/media?parent=1414"}],"curies":[{"name":"wp","href":"https:\/\/api.w.org\/{rel}","templated":true}]}}